{"id":116,"date":"2025-06-03T17:58:07","date_gmt":"2025-06-03T17:58:07","guid":{"rendered":"https:\/\/viarium.landois.info\/?page_id=116"},"modified":"2025-12-10T18:00:07","modified_gmt":"2025-12-10T18:00:07","slug":"servicios","status":"publish","type":"page","link":"https:\/\/www.viarium.com.mx\/en\/servicios\/","title":{"rendered":"Servicios"},"content":{"rendered":"<section class=\"bde-section-116-100 bde-section spacing section\">\n  \n  \n\t\n\n\n\n        <div class=\"section-shape-divider-wrapper section-shape-divider-wrapper--1\">\n          <span class=\"section-shape-divider\">\n                      <svg\n                xmlns=\"http:\/\/www.w3.org\/2000\/svg\"\n                viewbox=\"0 0 1440 320\"\n                preserveaspectratio=\"none\"\n            >\n              \n            <\/svg>\n                    <\/span>\n      <\/div>\n  <div class=\"section-container\"><h1 class=\"bde-heading-116-101 bde-heading block heading-1\">\nServicios\n<\/h1><\/div>\n<\/section><section class=\"bde-section-116-102 bde-section spacing section\">\n  \n  \n\t\n\n\n\n<div class=\"section-container\"><div class=\"oxy-container-116-103 oxy-container align-center block spacing-bottom\"><div class=\"oxy-container-116-112 oxy-container\"><h1 class=\"bde-heading-116-104 bde-heading heading-2 color-white\">\nServicios\n<\/h1><\/div><\/div><div class=\"bde-columns-116-113 bde-columns spacing-bottom\"><div class=\"bde-column-116-114 bde-column\">\n  \n  \n\t\n\n\n\n<img decoding=\"async\" class=\"oxy-image-116-120 oxy-image spacing-bottom image-icon-services align-center\" src=\"https:\/\/www.viarium.com.mx\/wp-content\/uploads\/2025\/06\/icono-viarium_proyectos.png\" loading=\"lazy\" srcset=\"https:\/\/www.viarium.com.mx\/wp-content\/uploads\/2025\/06\/icono-viarium_proyectos.png 512w, https:\/\/www.viarium.com.mx\/wp-content\/uploads\/2025\/06\/icono-viarium_proyectos-300x300.png 300w, https:\/\/www.viarium.com.mx\/wp-content\/uploads\/2025\/06\/icono-viarium_proyectos-150x150.png 150w\" sizes=\"(max-width: 512px) 100vw, 512px\"><div class=\"oxy-text-116-129 oxy-text block color-white align-center text-icons-services\">\nPROYECTOS DE INGENIER\u00cdA<br>CIVIL Y ARQUITECTURA.\n<\/div>\n<\/div><div class=\"bde-column-116-115 bde-column\">\n  \n  \n\t\n\n\n\n<img decoding=\"async\" class=\"oxy-image-116-117 oxy-image spacing-bottom image-icon-services align-center\" src=\"https:\/\/www.viarium.com.mx\/wp-content\/uploads\/2025\/06\/icono-viarium_edificacion.png\" loading=\"lazy\" srcset=\"https:\/\/www.viarium.com.mx\/wp-content\/uploads\/2025\/06\/icono-viarium_edificacion.png 512w, https:\/\/www.viarium.com.mx\/wp-content\/uploads\/2025\/06\/icono-viarium_edificacion-300x300.png 300w, https:\/\/www.viarium.com.mx\/wp-content\/uploads\/2025\/06\/icono-viarium_edificacion-150x150.png 150w\" sizes=\"(max-width: 512px) 100vw, 512px\"><div class=\"oxy-text-116-130 oxy-text block color-white align-center text-icons-services\">\nObras de Infraestructura:<br>Agua potable y Alcantarillado Sanitario.<br>Lagunas de Aguas Negras, Cisternas de flujo continuoy C\u00e1rcamos de Bombeo.<br>Electricidad.\n<\/div>\n<\/div><div class=\"bde-column-116-116 bde-column\">\n  \n  \n\t\n\n\n\n<img decoding=\"async\" class=\"oxy-image-116-119 oxy-image spacing-bottom image-icon-services align-center\" src=\"https:\/\/www.viarium.com.mx\/wp-content\/uploads\/2025\/06\/icono-viarium_infraestructura.png\" loading=\"lazy\" srcset=\"https:\/\/www.viarium.com.mx\/wp-content\/uploads\/2025\/06\/icono-viarium_infraestructura.png 512w, https:\/\/www.viarium.com.mx\/wp-content\/uploads\/2025\/06\/icono-viarium_infraestructura-300x300.png 300w, https:\/\/www.viarium.com.mx\/wp-content\/uploads\/2025\/06\/icono-viarium_infraestructura-150x150.png 150w\" sizes=\"(max-width: 512px) 100vw, 512px\"><div class=\"oxy-text-116-118 oxy-text block color-white align-center text-icons-services\">\nMOVIMIENTO DE TIERRAS; PLATAFORMAS PARA NAVES INDUSTRIALES Y TERRACER\u00cdAS PARA CAMINOS Y CALLES\n<\/div>\n<\/div><\/div><div class=\"bde-columns-116-121 bde-columns spacing-bottom\"><div class=\"bde-column-116-122 bde-column block\">\n  \n  \n\t\n\n\n\n<img decoding=\"async\" class=\"oxy-image-116-123 oxy-image spacing-bottom image-icon-services align-center\" src=\"https:\/\/www.viarium.com.mx\/wp-content\/uploads\/2025\/06\/icono-viarium_movimiento.png\" loading=\"lazy\" srcset=\"https:\/\/www.viarium.com.mx\/wp-content\/uploads\/2025\/06\/icono-viarium_movimiento.png 512w, https:\/\/www.viarium.com.mx\/wp-content\/uploads\/2025\/06\/icono-viarium_movimiento-300x300.png 300w, https:\/\/www.viarium.com.mx\/wp-content\/uploads\/2025\/06\/icono-viarium_movimiento-150x150.png 150w\" sizes=\"(max-width: 512px) 100vw, 512px\"><div class=\"oxy-text-116-124 oxy-text block color-white align-center text-icons-services\">\nMOVIMIENTO DE TIERRAS Y TERRACER\u00cdAS PARA CAMINOS Y CALLES.\n<\/div>\n<\/div><div class=\"bde-column-116-125 bde-column\">\n  \n  \n\t\n\n\n\n<img decoding=\"async\" class=\"oxy-image-116-126 oxy-image spacing-bottom image-icon-services align-center\" src=\"https:\/\/www.viarium.com.mx\/wp-content\/uploads\/2025\/06\/icono-viarium_obras.png\" loading=\"lazy\" srcset=\"https:\/\/www.viarium.com.mx\/wp-content\/uploads\/2025\/06\/icono-viarium_obras.png 512w, https:\/\/www.viarium.com.mx\/wp-content\/uploads\/2025\/06\/icono-viarium_obras-300x300.png 300w, https:\/\/www.viarium.com.mx\/wp-content\/uploads\/2025\/06\/icono-viarium_obras-150x150.png 150w\" sizes=\"(max-width: 512px) 100vw, 512px\"><div class=\"oxy-text-116-132 oxy-text block color-white align-center text-icons-services\">\nOBRAS DE PAVIMENTACI\u00d3N ASF\u00c1LTICA Y CONCRETO.\n<\/div>\n<\/div><div class=\"bde-column-116-127 bde-column\">\n  \n  \n\t\n\n\n\n<img decoding=\"async\" class=\"oxy-image-116-128 oxy-image spacing-bottom image-icon-services align-center\" src=\"https:\/\/www.viarium.com.mx\/wp-content\/uploads\/2025\/06\/icono-viarium_renta.png\" loading=\"lazy\" srcset=\"https:\/\/www.viarium.com.mx\/wp-content\/uploads\/2025\/06\/icono-viarium_renta.png 512w, https:\/\/www.viarium.com.mx\/wp-content\/uploads\/2025\/06\/icono-viarium_renta-300x300.png 300w, https:\/\/www.viarium.com.mx\/wp-content\/uploads\/2025\/06\/icono-viarium_renta-150x150.png 150w\" sizes=\"(max-width: 512px) 100vw, 512px\"><div class=\"oxy-text-116-131 oxy-text block color-white align-center text-icons-services\">\nRENTA DE MAQUINARIA Y EQUIPO PESADO.\n<\/div>\n<\/div><\/div><\/div>\n<\/section><section class=\"bde-section-116-107 bde-section spacing section\">\n  \n  \n\t\n\n\n\n<div class=\"section-container\"><div class=\"oxy-container-116-108 oxy-container align-center block spacing-bottom\"><h1 class=\"bde-heading-116-109 bde-heading heading-2 color-white\">\nMano de obra y Equipo\n<\/h1><\/div><div class=\"oxy-container-116-110 oxy-container block\"><div class=\"oxy-text-116-111 oxy-text block color-white align-center\">\nIng. Efra\u00edn Rojas Longoria, Director General y due\u00f1o de la Empresa el cual cuenta con un amplio curr\u00edculum en el \u00e1rea de construcci\u00f3n especializ\u00e1ndosve en Construcci\u00f3n de plataformas para viviendas, vialidad, red de agua potable y red sanitaria (drenaje sanitario), pavimentaci\u00f3n asf\u00e1ltica, movimientos de terraplenes, alumbrado y banquetas de concreto, cordones y estampado, desazolve de drenes, construcci\u00f3n de lagunas para aguas negras, construcci\u00f3n de cisternas de flujo continuo etc.<br><br><br>El Sr. Rojas inicia su primera Empresa en 1984, EXCAVACIONES SAN FRANCISCO, empresa que fue creciendo y abriendo nuevas areas de oportunidad y de igual forma nuevos mercados debido a la demanda de sus clientes en el a\u00f1o 1997 crea URBANIZACIONES SAN FRANCISCO S.A. de C.V. Empresa que lo llevo a realizar proyectos en diferentes ciudades convierti\u00e9ndose en una de las mejores opciones para las Empresas dedicadas a desarrollo de vivienda.<br><br><br>Debido a la demanda de construccion el Sr. Rojas se ve en la necesidad de abrir una Empresa Americana que ser\u00eda la que proveeria el equipo necesario a su Empresa Mexicana y en Octubre 2008 nace ROJAS HEAVY EQUIPMENT LLC en la Cd. De Alamo Tx, ambas Empresas crecieron en su propio mercado llev\u00e1ndolo a iniciar obra en Texas ROJAS CONSTRUCCION LLC, por lo que en Febrero 2019 consolida sus Empresas con una nueva apertura VIARIUM S.A de C.V.\n<\/div><\/div><\/div>\n<\/section>","protected":false},"excerpt":{"rendered":"<p>Servicios Servicios PROYECTOS DE INGENIER\u00cdACIVIL Y ARQUITECTURA. Obras de Infraestructura:Agua potable y Alcantarillado Sanitario.Lagunas de Aguas Negras, Cisternas de flujo continuoy C\u00e1rcamos de Bombeo.Electricidad. MOVIMIENTO DE TIERRAS; PLATAFORMAS PARA NAVES INDUSTRIALES Y TERRACER\u00cdAS PARA CAMINOS Y CALLES MOVIMIENTO DE TIERRAS Y TERRACER\u00cdAS PARA CAMINOS Y CALLES. OBRAS DE PAVIMENTACI\u00d3N ASF\u00c1LTICA Y CONCRETO. RENTA DE MAQUINARIA [&hellip;]<\/p>\n","protected":false},"author":1,"featured_media":0,"parent":0,"menu_order":0,"comment_status":"closed","ping_status":"closed","template":"","meta":{"_oxygen_hide_in_design_set":false,"_oxygen_tags":"","footnotes":""},"class_list":["post-116","page","type-page","status-publish","hentry"],"_links":{"self":[{"href":"https:\/\/www.viarium.com.mx\/en\/wp-json\/wp\/v2\/pages\/116","targetHints":{"allow":["GET"]}}],"collection":[{"href":"https:\/\/www.viarium.com.mx\/en\/wp-json\/wp\/v2\/pages"}],"about":[{"href":"https:\/\/www.viarium.com.mx\/en\/wp-json\/wp\/v2\/types\/page"}],"author":[{"embeddable":true,"href":"https:\/\/www.viarium.com.mx\/en\/wp-json\/wp\/v2\/users\/1"}],"replies":[{"embeddable":true,"href":"https:\/\/www.viarium.com.mx\/en\/wp-json\/wp\/v2\/comments?post=116"}],"version-history":[{"count":14,"href":"https:\/\/www.viarium.com.mx\/en\/wp-json\/wp\/v2\/pages\/116\/revisions"}],"predecessor-version":[{"id":1332,"href":"https:\/\/www.viarium.com.mx\/en\/wp-json\/wp\/v2\/pages\/116\/revisions\/1332"}],"wp:attachment":[{"href":"https:\/\/www.viarium.com.mx\/en\/wp-json\/wp\/v2\/media?parent=116"}],"curies":[{"name":"wp","href":"https:\/\/api.w.org\/{rel}","templated":true}]}}