{"id":114,"date":"2025-06-03T17:57:51","date_gmt":"2025-06-03T17:57:51","guid":{"rendered":"https:\/\/viarium.landois.info\/?page_id=114"},"modified":"2025-12-10T17:00:24","modified_gmt":"2025-12-10T17:00:24","slug":"nosotros","status":"publish","type":"page","link":"https:\/\/www.viarium.com.mx\/es\/nosotros\/","title":{"rendered":"Nosotros"},"content":{"rendered":"<section class=\"bde-section-114-100 bde-section spacing section\">\n  \n  \n\t\n\n\n\n        <div class=\"section-shape-divider-wrapper section-shape-divider-wrapper--1\">\n          <span class=\"section-shape-divider\">\n                      <svg\n                xmlns=\"http:\/\/www.w3.org\/2000\/svg\"\n                viewBox=\"0 0 1440 320\"\n                preserveAspectRatio=\"none\"\n            >\n              \n            <\/svg>\n                    <\/span>\n      <\/div>\n  <div class=\"section-container\"><h1 class=\"bde-heading-114-101 bde-heading block heading-1\">\nNosotros\n<\/h1><\/div>\n<\/section><section class=\"bde-section-114-102 bde-section spacing section\">\n  \n  \n\t\n\n\n\n<div class=\"section-container\"><div class=\"oxy-container-114-105 oxy-container align-center block spacing-bottom\"><h1 class=\"bde-heading-114-103 bde-heading heading-2 color-white\">\nHistoria\n<\/h1><\/div><div class=\"oxy-container-114-107 oxy-container block\"><div class=\"oxy-text-114-104 oxy-text block color-white align-center\">\nVIARIUM S.A. de C.V., es una Empresa Mexicana dedicada a la Industria de la Construcci\u00f3n. Fundada en Matamoros, Tamaulipas en el a\u00f1o 2019 como parte de las empresas del Grupo Rojas. Su fundador el Ing. Efra\u00edn Rojas Longoria cuenta con una amplia experiencia en el campo de la urbanizaci\u00f3n y construcci\u00f3n. Iniciando en el a\u00f1o 1984 con su primer empresa EXCAVACIONES SAN FRANCISCO.<br><br>Grupo Rojas cuenta con el apoyo de sus empresas hermanas en Texas desde 2008, Rojas Heavy Equipement LLC, en el condado de \u00c1lamo, Texas abriendo mercado de Venta y Renta de Maquinaria Pesada en otros condados como Laredo, Texas. Viarium en M\u00e9xico a extendido sus horizontes ampliando sus oficinas en Monterrey, Cd. Ju\u00e1rez y Quer\u00e9taro; buscando proveer de la mas alta calidad en servicio y atenci\u00f3n a Nivel Nacional.\n<\/div><\/div><\/div>\n<\/section><section class=\"bde-section-114-108 bde-section spacing section\">\n  \n  \n\t\n\n\n\n<div class=\"section-container\"><div class=\"oxy-container-114-109 oxy-container align-center block spacing-bottom\"><h1 class=\"bde-heading-114-110 bde-heading heading-2 color-white\">\nMisi\u00f3n\n<\/h1><\/div><div class=\"oxy-container-114-111 oxy-container block\"><div class=\"oxy-text-114-112 oxy-text block color-white align-center\">\nRepresentar la mejor opci\u00f3n en servicios de construcci\u00f3n en infraestructura urbana en los sectores p\u00fablicos y privados, con los mejores tiempos y costos del mercado, comprometidos con la calidad e inmersos en un proceso de mejora continua, generando beneficios para todos.\n<\/div><\/div><\/div>\n<\/section><section class=\"bde-section-114-113 bde-section spacing section\">\n  \n  \n\t\n\n\n\n<div class=\"section-container\"><div class=\"oxy-container-114-114 oxy-container align-center block spacing-bottom\"><h1 class=\"bde-heading-114-115 bde-heading heading-2 color-white\">\nVisi\u00f3n\n<\/h1><\/div><div class=\"oxy-container-114-116 oxy-container block\"><div class=\"oxy-text-114-117 oxy-text block color-white align-center\">\nRepresentar la mejor opci\u00f3n en servicios de construcci\u00f3n en infraestructura urbana en los sectores p\u00fablicos y privados, con los mejores tiempos y costos del mercado, comprometidos con la calidad e inmersos en un proceso de mejora continua, generando beneficios para todos.\n<\/div><\/div><\/div>\n<\/section><section class=\"bde-section-114-118 bde-section spacing section\">\n  \n  \n\t\n\n\n\n<div class=\"section-container\"><div class=\"oxy-container-114-119 oxy-container align-center block spacing-bottom\"><h1 class=\"bde-heading-114-120 bde-heading heading-2 color-white\">\nValores\n<\/h1><\/div><div class=\"oxy-container-114-121 oxy-container block\"><div class=\"oxy-text-114-122 oxy-text block color-white align-center\">\nHonestidad, Responsabildad, Respeto, Integridad.\n<\/div><\/div><\/div>\n<\/section>","protected":false},"excerpt":{"rendered":"<p>Nosotros Historia VIARIUM S.A. de C.V., es una Empresa Mexicana dedicada a la Industria de la Construcci\u00f3n. Fundada en Matamoros, Tamaulipas en el a\u00f1o 2019 como parte de las empresas del Grupo Rojas. Su fundador el Ing. Efra\u00edn Rojas Longoria cuenta con una amplia experiencia en el campo de la urbanizaci\u00f3n y construcci\u00f3n. Iniciando en [&hellip;]<\/p>\n","protected":false},"author":1,"featured_media":0,"parent":0,"menu_order":0,"comment_status":"closed","ping_status":"closed","template":"","meta":{"_oxygen_hide_in_design_set":false,"_oxygen_tags":"","footnotes":""},"class_list":["post-114","page","type-page","status-publish","hentry"],"_links":{"self":[{"href":"https:\/\/www.viarium.com.mx\/es\/wp-json\/wp\/v2\/pages\/114","targetHints":{"allow":["GET"]}}],"collection":[{"href":"https:\/\/www.viarium.com.mx\/es\/wp-json\/wp\/v2\/pages"}],"about":[{"href":"https:\/\/www.viarium.com.mx\/es\/wp-json\/wp\/v2\/types\/page"}],"author":[{"embeddable":true,"href":"https:\/\/www.viarium.com.mx\/es\/wp-json\/wp\/v2\/users\/1"}],"replies":[{"embeddable":true,"href":"https:\/\/www.viarium.com.mx\/es\/wp-json\/wp\/v2\/comments?post=114"}],"version-history":[{"count":13,"href":"https:\/\/www.viarium.com.mx\/es\/wp-json\/wp\/v2\/pages\/114\/revisions"}],"predecessor-version":[{"id":1328,"href":"https:\/\/www.viarium.com.mx\/es\/wp-json\/wp\/v2\/pages\/114\/revisions\/1328"}],"wp:attachment":[{"href":"https:\/\/www.viarium.com.mx\/es\/wp-json\/wp\/v2\/media?parent=114"}],"curies":[{"name":"wp","href":"https:\/\/api.w.org\/{rel}","templated":true}]}}