{"id":118,"date":"2025-06-03T17:58:19","date_gmt":"2025-06-03T17:58:19","guid":{"rendered":"https:\/\/viarium.landois.info\/?page_id=118"},"modified":"2025-12-10T18:00:38","modified_gmt":"2025-12-10T18:00:38","slug":"proyectos","status":"publish","type":"page","link":"https:\/\/www.viarium.com.mx\/es\/proyectos\/","title":{"rendered":"Proyectos"},"content":{"rendered":"<section class=\"bde-section-118-100 bde-section spacing section\">\n  \n  \n\t\n\n\n\n        <div class=\"section-shape-divider-wrapper section-shape-divider-wrapper--1\">\n          <span class=\"section-shape-divider\">\n                      <svg\n                xmlns=\"http:\/\/www.w3.org\/2000\/svg\"\n                viewBox=\"0 0 1440 320\"\n                preserveAspectRatio=\"none\"\n            >\n              \n            <\/svg>\n                    <\/span>\n      <\/div>\n  <div class=\"section-container\"><h1 class=\"bde-heading-118-101 bde-heading block heading-1\">\nProyectos\n<\/h1><\/div>\n<\/section><section class=\"bde-section-118-102 bde-section spacing\">\n  \n  \n\t\n\n\n\n<div class=\"section-container\"><div class=\"oxy-container-118-103 oxy-container align-center block spacing-bottom\"><h1 class=\"bde-heading-118-104 bde-heading heading-2 color-white\">\nProyectos representativos\n<\/h1><\/div><div class=\"oxy-container-118-105 oxy-container block\"><div class=\"oxy-text-118-106 oxy-text block color-white align-center\">\nLa siguiente es una galer\u00eda fotogr\u00e1fica con algunos de nuestros proyectos m\u00e1s representativos a trav\u00e9s de la historia.\n<\/div><\/div><\/div>\n<\/section><section class=\"bde-section-118-107 bde-section spacing section\">\n  \n  \n\t\n\n\n\n<div class=\"section-container\"><div class=\"bde-columns-118-108 bde-columns spacing-bottom\"><div class=\"bde-column-118-109 bde-column\">\n  \n  \n\t\n\n\n\n<img decoding=\"async\" class=\"oxy-image-118-113 oxy-image image-project shadow-box\" src=\"https:\/\/www.viarium.com.mx\/wp-content\/uploads\/2025\/06\/proyectos_0000_Imagen54.jpg\" loading=\"lazy\" srcset=\"https:\/\/www.viarium.com.mx\/wp-content\/uploads\/2025\/06\/proyectos_0000_Imagen54.jpg 800w, https:\/\/www.viarium.com.mx\/wp-content\/uploads\/2025\/06\/proyectos_0000_Imagen54-300x225.jpg 300w, https:\/\/www.viarium.com.mx\/wp-content\/uploads\/2025\/06\/proyectos_0000_Imagen54-768x576.jpg 768w\" sizes=\"(max-width: 800px) 100vw, 800px\">\n<\/div><div class=\"bde-column-118-110 bde-column\">\n  \n  \n\t\n\n\n\n<img decoding=\"async\" class=\"oxy-image-118-114 oxy-image image-project\" src=\"https:\/\/www.viarium.com.mx\/wp-content\/uploads\/2025\/06\/proyectos_0001_Imagen53.jpg\" loading=\"lazy\" srcset=\"https:\/\/www.viarium.com.mx\/wp-content\/uploads\/2025\/06\/proyectos_0001_Imagen53.jpg 800w, https:\/\/www.viarium.com.mx\/wp-content\/uploads\/2025\/06\/proyectos_0001_Imagen53-300x225.jpg 300w, https:\/\/www.viarium.com.mx\/wp-content\/uploads\/2025\/06\/proyectos_0001_Imagen53-768x576.jpg 768w\" sizes=\"(max-width: 800px) 100vw, 800px\">\n<\/div><div class=\"bde-column-118-111 bde-column\">\n  \n  \n\t\n\n\n\n<img decoding=\"async\" class=\"oxy-image-118-115 oxy-image image-project\" src=\"https:\/\/www.viarium.com.mx\/wp-content\/uploads\/2025\/06\/proyectos_0003_Imagen39.jpg\" loading=\"lazy\" srcset=\"https:\/\/www.viarium.com.mx\/wp-content\/uploads\/2025\/06\/proyectos_0003_Imagen39.jpg 800w, https:\/\/www.viarium.com.mx\/wp-content\/uploads\/2025\/06\/proyectos_0003_Imagen39-300x225.jpg 300w, https:\/\/www.viarium.com.mx\/wp-content\/uploads\/2025\/06\/proyectos_0003_Imagen39-768x576.jpg 768w\" sizes=\"(max-width: 800px) 100vw, 800px\">\n<\/div><div class=\"bde-column-118-112 bde-column\">\n  \n  \n\t\n\n\n\n<img decoding=\"async\" class=\"oxy-image-118-116 oxy-image image-project\" src=\"https:\/\/www.viarium.com.mx\/wp-content\/uploads\/2025\/06\/proyectos_0002_Imagen42.jpg\" loading=\"lazy\" srcset=\"https:\/\/www.viarium.com.mx\/wp-content\/uploads\/2025\/06\/proyectos_0002_Imagen42.jpg 800w, https:\/\/www.viarium.com.mx\/wp-content\/uploads\/2025\/06\/proyectos_0002_Imagen42-300x225.jpg 300w, https:\/\/www.viarium.com.mx\/wp-content\/uploads\/2025\/06\/proyectos_0002_Imagen42-768x576.jpg 768w\" sizes=\"(max-width: 800px) 100vw, 800px\">\n<\/div><\/div><div class=\"bde-columns-118-117 bde-columns spacing-bottom\"><div class=\"bde-column-118-118 bde-column\">\n  \n  \n\t\n\n\n\n<img decoding=\"async\" class=\"oxy-image-118-119 oxy-image image-project shadow-box\" src=\"https:\/\/www.viarium.com.mx\/wp-content\/uploads\/2025\/06\/proyectos_0005_Imagen27.jpg\" loading=\"lazy\" srcset=\"https:\/\/www.viarium.com.mx\/wp-content\/uploads\/2025\/06\/proyectos_0005_Imagen27.jpg 800w, https:\/\/www.viarium.com.mx\/wp-content\/uploads\/2025\/06\/proyectos_0005_Imagen27-300x225.jpg 300w, https:\/\/www.viarium.com.mx\/wp-content\/uploads\/2025\/06\/proyectos_0005_Imagen27-768x576.jpg 768w\" sizes=\"(max-width: 800px) 100vw, 800px\">\n<\/div><div class=\"bde-column-118-120 bde-column\">\n  \n  \n\t\n\n\n\n<img decoding=\"async\" class=\"oxy-image-118-121 oxy-image image-project\" src=\"https:\/\/www.viarium.com.mx\/wp-content\/uploads\/2025\/06\/proyectos_0004_Imagen38.jpg\" loading=\"lazy\" srcset=\"https:\/\/www.viarium.com.mx\/wp-content\/uploads\/2025\/06\/proyectos_0004_Imagen38.jpg 800w, https:\/\/www.viarium.com.mx\/wp-content\/uploads\/2025\/06\/proyectos_0004_Imagen38-300x225.jpg 300w, https:\/\/www.viarium.com.mx\/wp-content\/uploads\/2025\/06\/proyectos_0004_Imagen38-768x576.jpg 768w\" sizes=\"(max-width: 800px) 100vw, 800px\">\n<\/div><div class=\"bde-column-118-122 bde-column\">\n  \n  \n\t\n\n\n\n<img decoding=\"async\" class=\"oxy-image-118-123 oxy-image image-project\" src=\"https:\/\/www.viarium.com.mx\/wp-content\/uploads\/2025\/06\/proyectos_0007_Imagen24.jpg\" loading=\"lazy\" srcset=\"https:\/\/www.viarium.com.mx\/wp-content\/uploads\/2025\/06\/proyectos_0007_Imagen24.jpg 800w, https:\/\/www.viarium.com.mx\/wp-content\/uploads\/2025\/06\/proyectos_0007_Imagen24-300x225.jpg 300w, https:\/\/www.viarium.com.mx\/wp-content\/uploads\/2025\/06\/proyectos_0007_Imagen24-768x576.jpg 768w\" sizes=\"(max-width: 800px) 100vw, 800px\">\n<\/div><div class=\"bde-column-118-124 bde-column\">\n  \n  \n\t\n\n\n\n<img decoding=\"async\" class=\"oxy-image-118-125 oxy-image image-project\" src=\"https:\/\/www.viarium.com.mx\/wp-content\/uploads\/2025\/06\/proyectos_0006_Imagen26.jpg\" loading=\"lazy\" srcset=\"https:\/\/www.viarium.com.mx\/wp-content\/uploads\/2025\/06\/proyectos_0006_Imagen26.jpg 800w, https:\/\/www.viarium.com.mx\/wp-content\/uploads\/2025\/06\/proyectos_0006_Imagen26-300x225.jpg 300w, https:\/\/www.viarium.com.mx\/wp-content\/uploads\/2025\/06\/proyectos_0006_Imagen26-768x576.jpg 768w\" sizes=\"(max-width: 800px) 100vw, 800px\">\n<\/div><\/div><div class=\"bde-columns-118-126 bde-columns spacing-bottom\"><div class=\"bde-column-118-127 bde-column\">\n  \n  \n\t\n\n\n\n<img decoding=\"async\" class=\"oxy-image-118-128 oxy-image image-project shadow-box\" src=\"https:\/\/www.viarium.com.mx\/wp-content\/uploads\/2025\/06\/proyectos_0008_Imagen21.jpg\" loading=\"lazy\" srcset=\"https:\/\/www.viarium.com.mx\/wp-content\/uploads\/2025\/06\/proyectos_0008_Imagen21.jpg 800w, https:\/\/www.viarium.com.mx\/wp-content\/uploads\/2025\/06\/proyectos_0008_Imagen21-300x225.jpg 300w, https:\/\/www.viarium.com.mx\/wp-content\/uploads\/2025\/06\/proyectos_0008_Imagen21-768x576.jpg 768w\" sizes=\"(max-width: 800px) 100vw, 800px\">\n<\/div><div class=\"bde-column-118-129 bde-column\">\n  \n  \n\t\n\n\n\n<img decoding=\"async\" class=\"oxy-image-118-130 oxy-image image-project\" src=\"https:\/\/www.viarium.com.mx\/wp-content\/uploads\/2025\/06\/proyectos_0009_Imagen20.jpg\" loading=\"lazy\" srcset=\"https:\/\/www.viarium.com.mx\/wp-content\/uploads\/2025\/06\/proyectos_0009_Imagen20.jpg 800w, https:\/\/www.viarium.com.mx\/wp-content\/uploads\/2025\/06\/proyectos_0009_Imagen20-300x225.jpg 300w, https:\/\/www.viarium.com.mx\/wp-content\/uploads\/2025\/06\/proyectos_0009_Imagen20-768x576.jpg 768w\" sizes=\"(max-width: 800px) 100vw, 800px\">\n<\/div><div class=\"bde-column-118-131 bde-column\">\n  \n  \n\t\n\n\n\n<img decoding=\"async\" class=\"oxy-image-118-132 oxy-image image-project\" src=\"https:\/\/www.viarium.com.mx\/wp-content\/uploads\/2025\/06\/proyectos_0012_Imagen13.jpg\" loading=\"lazy\" srcset=\"https:\/\/www.viarium.com.mx\/wp-content\/uploads\/2025\/06\/proyectos_0012_Imagen13.jpg 800w, https:\/\/www.viarium.com.mx\/wp-content\/uploads\/2025\/06\/proyectos_0012_Imagen13-300x225.jpg 300w, https:\/\/www.viarium.com.mx\/wp-content\/uploads\/2025\/06\/proyectos_0012_Imagen13-768x576.jpg 768w\" sizes=\"(max-width: 800px) 100vw, 800px\">\n<\/div><div class=\"bde-column-118-133 bde-column\">\n  \n  \n\t\n\n\n\n<img decoding=\"async\" class=\"oxy-image-118-134 oxy-image image-project\" src=\"https:\/\/www.viarium.com.mx\/wp-content\/uploads\/2025\/06\/proyectos_0011_Imagen17.jpg\" loading=\"lazy\" srcset=\"https:\/\/www.viarium.com.mx\/wp-content\/uploads\/2025\/06\/proyectos_0011_Imagen17.jpg 800w, https:\/\/www.viarium.com.mx\/wp-content\/uploads\/2025\/06\/proyectos_0011_Imagen17-300x225.jpg 300w, https:\/\/www.viarium.com.mx\/wp-content\/uploads\/2025\/06\/proyectos_0011_Imagen17-768x576.jpg 768w\" sizes=\"(max-width: 800px) 100vw, 800px\">\n<\/div><\/div><div class=\"bde-columns-118-135 bde-columns spacing-bottom\"><div class=\"bde-column-118-136 bde-column\">\n  \n  \n\t\n\n\n\n<img decoding=\"async\" class=\"oxy-image-118-137 oxy-image image-project shadow-box\" src=\"https:\/\/www.viarium.com.mx\/wp-content\/uploads\/2025\/06\/proyectos_0010_Imagen19.jpg\" loading=\"lazy\" srcset=\"https:\/\/www.viarium.com.mx\/wp-content\/uploads\/2025\/06\/proyectos_0010_Imagen19.jpg 800w, https:\/\/www.viarium.com.mx\/wp-content\/uploads\/2025\/06\/proyectos_0010_Imagen19-300x225.jpg 300w, https:\/\/www.viarium.com.mx\/wp-content\/uploads\/2025\/06\/proyectos_0010_Imagen19-768x576.jpg 768w\" sizes=\"(max-width: 800px) 100vw, 800px\">\n<\/div><div class=\"bde-column-118-138 bde-column\">\n  \n  \n\t\n\n\n\n<img decoding=\"async\" class=\"oxy-image-118-139 oxy-image image-project\" src=\"https:\/\/www.viarium.com.mx\/wp-content\/uploads\/2025\/06\/proyectos_0014_Imagen11.jpg\" loading=\"lazy\" srcset=\"https:\/\/www.viarium.com.mx\/wp-content\/uploads\/2025\/06\/proyectos_0014_Imagen11.jpg 800w, https:\/\/www.viarium.com.mx\/wp-content\/uploads\/2025\/06\/proyectos_0014_Imagen11-300x225.jpg 300w, https:\/\/www.viarium.com.mx\/wp-content\/uploads\/2025\/06\/proyectos_0014_Imagen11-768x576.jpg 768w\" sizes=\"(max-width: 800px) 100vw, 800px\">\n<\/div><div class=\"bde-column-118-140 bde-column\">\n  \n  \n\t\n\n\n\n<img decoding=\"async\" class=\"oxy-image-118-141 oxy-image image-project\" src=\"https:\/\/www.viarium.com.mx\/wp-content\/uploads\/2025\/06\/proyectos_0013_Imagen12.jpg\" loading=\"lazy\" srcset=\"https:\/\/www.viarium.com.mx\/wp-content\/uploads\/2025\/06\/proyectos_0013_Imagen12.jpg 800w, https:\/\/www.viarium.com.mx\/wp-content\/uploads\/2025\/06\/proyectos_0013_Imagen12-300x225.jpg 300w, https:\/\/www.viarium.com.mx\/wp-content\/uploads\/2025\/06\/proyectos_0013_Imagen12-768x576.jpg 768w\" sizes=\"(max-width: 800px) 100vw, 800px\">\n<\/div><div class=\"bde-column-118-142 bde-column\">\n  \n  \n\t\n\n\n\n<img decoding=\"async\" class=\"oxy-image-118-143 oxy-image image-project\" src=\"https:\/\/www.viarium.com.mx\/wp-content\/uploads\/2025\/06\/proyectos_0015_Imagen10.jpg\" loading=\"lazy\" srcset=\"https:\/\/www.viarium.com.mx\/wp-content\/uploads\/2025\/06\/proyectos_0015_Imagen10.jpg 800w, https:\/\/www.viarium.com.mx\/wp-content\/uploads\/2025\/06\/proyectos_0015_Imagen10-300x225.jpg 300w, https:\/\/www.viarium.com.mx\/wp-content\/uploads\/2025\/06\/proyectos_0015_Imagen10-768x576.jpg 768w\" sizes=\"(max-width: 800px) 100vw, 800px\">\n<\/div><\/div><\/div>\n<\/section><section class=\"bde-section-118-144 bde-section spacing section\">\n  \n  \n\t\n\n\n\n<div class=\"section-container\"><div class=\"oxy-container-118-145 oxy-container align-center block spacing-bottom\"><h1 class=\"bde-heading-118-146 bde-heading heading-2 color-white\">\nCurriculum\n<\/h1><\/div><div class=\"oxy-container-118-147 oxy-container block spacing-bottom\"><div class=\"oxy-text-118-148 oxy-text block color-white align-center\">\nConoce m\u00e1s de nuestros equipos y proyectos consultando el curriculum de la empresa:\n<\/div><\/div><div class=\"oxy-container-118-149 oxy-container block\"><div class=\"bde-code-block-118-151 bde-code-block\">\n\n  <iframe loading=\"lazy\" src=\"https:\/\/drive.google.com\/file\/d\/1ERc2tqBnn2w8W3bRIKi5SidzBPZxDKSo\/preview\" width=\"100%\" height=\"720\" allow=\"autoplay\"><\/iframe>\n\n\n<\/div><\/div><\/div>\n<\/section>","protected":false},"excerpt":{"rendered":"<p>Proyectos Proyectos representativos La siguiente es una galer\u00eda fotogr\u00e1fica con algunos de nuestros proyectos m\u00e1s representativos a trav\u00e9s de la historia. Curriculum Conoce m\u00e1s de nuestros equipos y proyectos consultando el curriculum de la empresa:<\/p>\n","protected":false},"author":1,"featured_media":0,"parent":0,"menu_order":0,"comment_status":"closed","ping_status":"closed","template":"","meta":{"_oxygen_hide_in_design_set":false,"_oxygen_tags":"","footnotes":""},"class_list":["post-118","page","type-page","status-publish","hentry"],"_links":{"self":[{"href":"https:\/\/www.viarium.com.mx\/es\/wp-json\/wp\/v2\/pages\/118","targetHints":{"allow":["GET"]}}],"collection":[{"href":"https:\/\/www.viarium.com.mx\/es\/wp-json\/wp\/v2\/pages"}],"about":[{"href":"https:\/\/www.viarium.com.mx\/es\/wp-json\/wp\/v2\/types\/page"}],"author":[{"embeddable":true,"href":"https:\/\/www.viarium.com.mx\/es\/wp-json\/wp\/v2\/users\/1"}],"replies":[{"embeddable":true,"href":"https:\/\/www.viarium.com.mx\/es\/wp-json\/wp\/v2\/comments?post=118"}],"version-history":[{"count":6,"href":"https:\/\/www.viarium.com.mx\/es\/wp-json\/wp\/v2\/pages\/118\/revisions"}],"predecessor-version":[{"id":1333,"href":"https:\/\/www.viarium.com.mx\/es\/wp-json\/wp\/v2\/pages\/118\/revisions\/1333"}],"wp:attachment":[{"href":"https:\/\/www.viarium.com.mx\/es\/wp-json\/wp\/v2\/media?parent=118"}],"curies":[{"name":"wp","href":"https:\/\/api.w.org\/{rel}","templated":true}]}}