{"id":126,"date":"2025-06-03T17:59:32","date_gmt":"2025-06-03T17:59:32","guid":{"rendered":"https:\/\/viarium.landois.info\/?page_id=126"},"modified":"2025-12-10T17:59:40","modified_gmt":"2025-12-10T17:59:40","slug":"contacto","status":"publish","type":"page","link":"https:\/\/www.viarium.com.mx\/es\/contacto\/","title":{"rendered":"Contacto"},"content":{"rendered":"<section class=\"bde-section-126-100 bde-section spacing section\">\n  \n  \n\t\n\n\n\n        <div class=\"section-shape-divider-wrapper section-shape-divider-wrapper--1\">\n          <span class=\"section-shape-divider\">\n                      <svg\n                xmlns=\"http:\/\/www.w3.org\/2000\/svg\"\n                viewBox=\"0 0 1440 320\"\n                preserveAspectRatio=\"none\"\n            >\n              \n            <\/svg>\n                    <\/span>\n      <\/div>\n  <div class=\"section-container\"><h1 class=\"bde-heading-126-101 bde-heading block heading-1\">\nContacto\n<\/h1><\/div>\n<\/section><section class=\"bde-section-126-102 bde-section spacing section\">\n  \n  \n\t\n\n\n\n<div class=\"section-container\"><div class=\"bde-columns-126-107 bde-columns spacing-bottom\"><div class=\"bde-column-126-108 bde-column\">\n  \n  \n\t\n\n\n\n<div class=\"oxy-container-126-113 oxy-container spacing-bottom\"><h1 class=\"bde-heading-126-104 bde-heading heading-2 color-white\">\nPara mayor informaci\u00f3n\n<\/h1><\/div><div class=\"oxy-text-126-106 oxy-text color-white text-bold\">\nOficina Matamoros, Tamaulipas\n<\/div><div class=\"oxy-text-126-114 oxy-text color-white\">\nR\u00edo P\u00e1nuco No. 28<br>Entre calle 11 y calle 12<br>Col. Industrial. C.P. 87350<br><br>Tel\u00e9fonos<br><br>+52 868-100-6288<br>+52 81-2910-4264\n<\/div>\n<\/div><div class=\"bde-column-126-109 bde-column\">\n  \n  \n\t\n\n\n\n<div class=\"oxy-container-126-112 oxy-container spacing-bottom\"><div class=\"oxy-text-126-110 oxy-text block color-white\">\nSi lo deseas puedes hacernos llegar un mensaje completando el siguiente formulario:\n<\/div><\/div><div class=\"bde-form-builder-126-111 bde-form-builder\">\n\n\n<form id=\"contact-form111\" class=\"breakdance-form breakdance-form--vertical\" data-options=\"{&quot;slug&quot;:&quot;custom&quot;,&quot;name&quot;:&quot;Contact Form&quot;,&quot;ajaxUrl&quot;:&quot;https:\\\/\\\/www.viarium.com.mx\\\/wp-admin\\\/admin-ajax.php&quot;,&quot;clearOnSuccess&quot;:true,&quot;hideOnSuccess&quot;:true,&quot;successMessage&quot;:&quot;\\u00a1Tu mensaje ha sido recibido!&quot;,&quot;errorMessage&quot;:&quot;Hubo un Error&quot;,&quot;redirect&quot;:false,&quot;redirectUrl&quot;:&quot;&quot;,&quot;customJavaScript&quot;:&quot;&quot;,&quot;recaptcha&quot;:{&quot;key&quot;:&quot;&quot;,&quot;enabled&quot;:false},&quot;honeypot_enabled&quot;:false,&quot;popupsOnSuccess&quot;:[],&quot;popupsOnError&quot;:[]}\" data-steps=\"0\" >\n  \n  \n  \n<div class=\"breakdance-form-field breakdance-form-field--text\" >\n    \n    \n    \n    <input\n    class=\"breakdance-form-field__input\"\n    id=\"name\"\n    aria-describedby=\"name\"\n    type=\"text\"\n    name=\"fields[name]\"\n    placeholder=\"Nombre\"\n    value=\"\"\n                \n        \n        \n    required\n    \n    \n    \n>\n\n\n    \n    \n<\/div>\n\n\n<div class=\"breakdance-form-field breakdance-form-field--email\" >\n    \n    \n    \n    <input\n    class=\"breakdance-form-field__input\"\n    id=\"email\"\n    aria-describedby=\"email\"\n    type=\"email\"\n    name=\"fields[email]\"\n    placeholder=\"Email\"\n    value=\"\"\n                \n        \n        \n    required\n    \n    \n    \n>\n\n\n    \n    \n<\/div>\n\n\n<div class=\"breakdance-form-field breakdance-form-field--textarea\" >\n    \n    \n    \n    <textarea\n    class=\"breakdance-form-field__input\"\n    id=\"message\"\n    aria-describedby=\"message\"\n    type=\"textarea\"\n    name=\"fields[message]\"\n        placeholder=\"Mensaje\"\n    required\n    >\n<\/textarea>\n\n\n    \n    \n<\/div>\n\n\n  \n\n<div class=\"breakdance-form-field breakdance-form-footer\">\n    \n    \n                                    \n    \n    \n    \n    \n            \n            <button type=\"submit\" class=\"button-atom button-atom--primary breakdance-form-button breakdance-form-button__submit\"  >\n    \n        <span class=\"button-atom__text\">Enviar<\/span>\n\n        \n        \n            <\/button>\n    \n    <input type=\"hidden\" name=\"form_id\" value=\"111\">\n    <input type=\"hidden\" name=\"post_id\" value=\"126\">\n<\/div>\n\n  \n<\/form>\n\n\n\n<\/div>\n<\/div><\/div><\/div>\n<\/section>","protected":false},"excerpt":{"rendered":"<p>Contacto Para mayor informaci\u00f3n Oficina Matamoros, Tamaulipas R\u00edo P\u00e1nuco No. 28Entre calle 11 y calle 12Col. Industrial. C.P. 87350Tel\u00e9fonos+52 868-100-6288+52 81-2910-4264 Si lo deseas puedes hacernos llegar un mensaje completando el siguiente formulario: Enviar<\/p>\n","protected":false},"author":1,"featured_media":0,"parent":0,"menu_order":0,"comment_status":"closed","ping_status":"closed","template":"","meta":{"_oxygen_hide_in_design_set":false,"_oxygen_tags":"","footnotes":""},"class_list":["post-126","page","type-page","status-publish","hentry"],"_links":{"self":[{"href":"https:\/\/www.viarium.com.mx\/es\/wp-json\/wp\/v2\/pages\/126","targetHints":{"allow":["GET"]}}],"collection":[{"href":"https:\/\/www.viarium.com.mx\/es\/wp-json\/wp\/v2\/pages"}],"about":[{"href":"https:\/\/www.viarium.com.mx\/es\/wp-json\/wp\/v2\/types\/page"}],"author":[{"embeddable":true,"href":"https:\/\/www.viarium.com.mx\/es\/wp-json\/wp\/v2\/users\/1"}],"replies":[{"embeddable":true,"href":"https:\/\/www.viarium.com.mx\/es\/wp-json\/wp\/v2\/comments?post=126"}],"version-history":[{"count":15,"href":"https:\/\/www.viarium.com.mx\/es\/wp-json\/wp\/v2\/pages\/126\/revisions"}],"predecessor-version":[{"id":1331,"href":"https:\/\/www.viarium.com.mx\/es\/wp-json\/wp\/v2\/pages\/126\/revisions\/1331"}],"wp:attachment":[{"href":"https:\/\/www.viarium.com.mx\/es\/wp-json\/wp\/v2\/media?parent=126"}],"curies":[{"name":"wp","href":"https:\/\/api.w.org\/{rel}","templated":true}]}}